{"id":30,"date":"2024-07-15T13:51:36","date_gmt":"2024-07-15T11:51:36","guid":{"rendered":"https:\/\/monangelocation.fr\/?page_id=30"},"modified":"2025-05-13T12:26:43","modified_gmt":"2025-05-13T10:26:43","slug":"contact","status":"publish","type":"page","link":"https:\/\/monangelocation.fr\/index.php\/contact\/","title":{"rendered":"Contact"},"content":{"rendered":"\t\t<div data-elementor-type=\"wp-page\" data-elementor-id=\"30\" class=\"elementor elementor-30\">\n\t\t\t\t<div class=\"elementor-element elementor-element-f74d67e e-flex e-con-boxed e-con e-parent\" data-id=\"f74d67e\" data-element_type=\"container\" data-e-type=\"container\">\n\t\t\t\t\t<div class=\"e-con-inner\">\n\t\t\t\t<div class=\"elementor-element elementor-element-be591cf elementor-widget elementor-widget-spacer\" data-id=\"be591cf\" data-element_type=\"widget\" data-e-type=\"widget\" data-widget_type=\"spacer.default\">\n\t\t\t\t<div class=\"elementor-widget-container\">\n\t\t\t\t\t\t\t<div class=\"elementor-spacer\">\n\t\t\t<div class=\"elementor-spacer-inner\"><\/div>\n\t\t<\/div>\n\t\t\t\t\t\t<\/div>\n\t\t\t\t<\/div>\n\t\t\t\t<div class=\"elementor-element elementor-element-d75e755 elementor-widget elementor-widget-heading\" data-id=\"d75e755\" data-element_type=\"widget\" data-e-type=\"widget\" data-widget_type=\"heading.default\">\n\t\t\t\t<div class=\"elementor-widget-container\">\n\t\t\t\t\t<h2 class=\"elementor-heading-title elementor-size-default\">Nous contacter<\/h2>\t\t\t\t<\/div>\n\t\t\t\t<\/div>\n\t\t\t\t<div class=\"elementor-element elementor-element-f41213b elementor-widget elementor-widget-text-editor\" data-id=\"f41213b\" data-element_type=\"widget\" data-e-type=\"widget\" data-widget_type=\"text-editor.default\">\n\t\t\t\t<div class=\"elementor-widget-container\">\n\t\t\t\t\t\t\t\t\t<p>Pour louer notre mat\u00e9riel ou si vous avez des questions, n&#8217;h\u00e9sitez pas \u00e0 appeler au 06.74.78.77.00.<\/p><p>Vous pouvez aussi nous contacter par mail : contact@monangelocation.fr<\/p>\t\t\t\t\t\t\t\t<\/div>\n\t\t\t\t<\/div>\n\t\t\t\t\t<\/div>\n\t\t\t\t<\/div>\n\t\t<div class=\"elementor-element elementor-element-510bcf2 e-flex e-con-boxed e-con e-parent\" data-id=\"510bcf2\" data-element_type=\"container\" data-e-type=\"container\">\n\t\t\t\t\t<div class=\"e-con-inner\">\n\t\t\t\t<div class=\"elementor-element elementor-element-0133366 elementor-widget elementor-widget-spacer\" data-id=\"0133366\" data-element_type=\"widget\" data-e-type=\"widget\" data-widget_type=\"spacer.default\">\n\t\t\t\t<div class=\"elementor-widget-container\">\n\t\t\t\t\t\t\t<div class=\"elementor-spacer\">\n\t\t\t<div class=\"elementor-spacer-inner\"><\/div>\n\t\t<\/div>\n\t\t\t\t\t\t<\/div>\n\t\t\t\t<\/div>\n\t\t\t\t<div class=\"elementor-element elementor-element-293906d elementor-widget elementor-widget-heading\" data-id=\"293906d\" data-element_type=\"widget\" data-e-type=\"widget\" data-widget_type=\"heading.default\">\n\t\t\t\t<div class=\"elementor-widget-container\">\n\t\t\t\t\t<h2 class=\"elementor-heading-title elementor-size-default\">Nous suivre<\/h2>\t\t\t\t<\/div>\n\t\t\t\t<\/div>\n\t\t\t\t\t<\/div>\n\t\t\t\t<\/div>\n\t\t<div class=\"elementor-element elementor-element-5d07135 e-flex e-con-boxed e-con e-parent\" data-id=\"5d07135\" data-element_type=\"container\" data-e-type=\"container\">\n\t\t\t\t\t<div class=\"e-con-inner\">\n\t\t\t\t<div class=\"elementor-element elementor-element-6d6c260 elementor-widget elementor-widget-image\" data-id=\"6d6c260\" data-element_type=\"widget\" data-e-type=\"widget\" data-widget_type=\"image.default\">\n\t\t\t\t<div class=\"elementor-widget-container\">\n\t\t\t\t\t\t\t\t\t\t\t\t\t\t\t\t<a href=\"https:\/\/www.instagram.com\/mon_ange_location\/?utm_source=ig_web_button_share_sheet\">\n\t\t\t\t\t\t\t<img decoding=\"async\" width=\"150\" height=\"150\" src=\"https:\/\/monangelocation.fr\/wp-content\/uploads\/2024\/08\/Instagram_icon-150x150.png\" class=\"attachment-thumbnail size-thumbnail wp-image-336\" alt=\"\" srcset=\"https:\/\/monangelocation.fr\/wp-content\/uploads\/2024\/08\/Instagram_icon-150x150.png 150w, https:\/\/monangelocation.fr\/wp-content\/uploads\/2024\/08\/Instagram_icon-300x300.png 300w, https:\/\/monangelocation.fr\/wp-content\/uploads\/2024\/08\/Instagram_icon.png 768w\" sizes=\"(max-width: 150px) 100vw, 150px\" \/>\t\t\t\t\t\t\t\t<\/a>\n\t\t\t\t\t\t\t\t\t\t\t\t\t\t\t<\/div>\n\t\t\t\t<\/div>\n\t\t\t\t<div class=\"elementor-element elementor-element-369cc2c elementor-widget elementor-widget-spacer\" data-id=\"369cc2c\" data-element_type=\"widget\" data-e-type=\"widget\" data-widget_type=\"spacer.default\">\n\t\t\t\t<div class=\"elementor-widget-container\">\n\t\t\t\t\t\t\t<div class=\"elementor-spacer\">\n\t\t\t<div class=\"elementor-spacer-inner\"><\/div>\n\t\t<\/div>\n\t\t\t\t\t\t<\/div>\n\t\t\t\t<\/div>\n\t\t\t\t\t<\/div>\n\t\t\t\t<\/div>\n\t\t<div class=\"elementor-element elementor-element-c4d60df e-flex e-con-boxed e-con e-parent\" data-id=\"c4d60df\" data-element_type=\"container\" data-e-type=\"container\">\n\t\t\t\t\t<div class=\"e-con-inner\">\n\t\t\t\t<div class=\"elementor-element elementor-element-7cd7a8d elementor-widget elementor-widget-heading\" data-id=\"7cd7a8d\" data-element_type=\"widget\" data-e-type=\"widget\" data-widget_type=\"heading.default\">\n\t\t\t\t<div class=\"elementor-widget-container\">\n\t\t\t\t\t<h2 class=\"elementor-heading-title elementor-size-default\">Condition g\u00e9n\u00e9rales de vente<\/h2>\t\t\t\t<\/div>\n\t\t\t\t<\/div>\n\t\t\t\t<div class=\"elementor-element elementor-element-782276f elementor-widget elementor-widget-heading\" data-id=\"782276f\" data-element_type=\"widget\" data-e-type=\"widget\" data-widget_type=\"heading.default\">\n\t\t\t\t<div class=\"elementor-widget-container\">\n\t\t\t\t\t<h2 class=\"elementor-heading-title elementor-size-default\">1. Objet<\/h2>\t\t\t\t<\/div>\n\t\t\t\t<\/div>\n\t\t\t\t<div class=\"elementor-element elementor-element-79e2514 elementor-widget elementor-widget-text-editor\" data-id=\"79e2514\" data-element_type=\"widget\" data-e-type=\"widget\" data-widget_type=\"text-editor.default\">\n\t\t\t\t<div class=\"elementor-widget-container\">\n\t\t\t\t\t\t\t\t\t<p>Les pr\u00e9sentes conditions g\u00e9n\u00e9rales de vente (CGV) ont pour objet de d\u00e9finir les modalit\u00e9s et conditions de la location de vaisselle d\u00e9pareill\u00e9e et de jeux en bois (ci-apr\u00e8s d\u00e9sign\u00e9s ensemble ou s\u00e9par\u00e9ment &#8220;les \u00c9quipements&#8221;) propos\u00e9s par Mon ange location, dont le si\u00e8ge social est situ\u00e9 \u00e0 Upie, immatricul\u00e9e sous le num\u00e9ro 980491948.<\/p>\t\t\t\t\t\t\t\t<\/div>\n\t\t\t\t<\/div>\n\t\t\t\t<div class=\"elementor-element elementor-element-9bab1d0 elementor-widget elementor-widget-heading\" data-id=\"9bab1d0\" data-element_type=\"widget\" data-e-type=\"widget\" data-widget_type=\"heading.default\">\n\t\t\t\t<div class=\"elementor-widget-container\">\n\t\t\t\t\t<h2 class=\"elementor-heading-title elementor-size-default\">2. Acceptation des CGV<\/h2>\t\t\t\t<\/div>\n\t\t\t\t<\/div>\n\t\t\t\t<div class=\"elementor-element elementor-element-ac17ceb elementor-widget elementor-widget-text-editor\" data-id=\"ac17ceb\" data-element_type=\"widget\" data-e-type=\"widget\" data-widget_type=\"text-editor.default\">\n\t\t\t\t<div class=\"elementor-widget-container\">\n\t\t\t\t\t\t\t\t\t<p>Toute commande pass\u00e9e aupr\u00e8s de Mon ange location implique l&#8217;acceptation sans r\u00e9serve des pr\u00e9sentes CGV. Le client reconna\u00eet avoir pris connaissance des CGV et les accepte int\u00e9gralement avant de passer commande.<\/p>\t\t\t\t\t\t\t\t<\/div>\n\t\t\t\t<\/div>\n\t\t\t\t<div class=\"elementor-element elementor-element-ffad7b0 elementor-widget elementor-widget-heading\" data-id=\"ffad7b0\" data-element_type=\"widget\" data-e-type=\"widget\" data-widget_type=\"heading.default\">\n\t\t\t\t<div class=\"elementor-widget-container\">\n\t\t\t\t\t<h2 class=\"elementor-heading-title elementor-size-default\">3. Commande et accompte<\/h2>\t\t\t\t<\/div>\n\t\t\t\t<\/div>\n\t\t\t\t<div class=\"elementor-element elementor-element-f6b2118 elementor-widget elementor-widget-text-editor\" data-id=\"f6b2118\" data-element_type=\"widget\" data-e-type=\"widget\" data-widget_type=\"text-editor.default\">\n\t\t\t\t<div class=\"elementor-widget-container\">\n\t\t\t\t\t\t\t\t\t<p>3.1. Les commandes doivent \u00eatre pass\u00e9es par t\u00e9l\u00e9phone ou par mail.<br \/>3.2. Toute commande sera confirm\u00e9e par un devis d\u00e9taill\u00e9 pr\u00e9cisant la nature des \u00c9quipements lou\u00e9s, la dur\u00e9e de la location, le tarif applicable, et les \u00e9ventuels frais de livraison et de nettoyage.<br \/>3.3. Un acompte de 30% du montant total de la location sera demand\u00e9 au client pour valider la commande. Cet acompte doit \u00eatre r\u00e9gl\u00e9 dans les 7 jours suivant la validation du devis.<br \/>3.4. La commande ne sera consid\u00e9r\u00e9e comme effective qu&#8217;\u00e0 r\u00e9ception de l&#8217;acompte. En cas de non-paiement de l&#8217;acompte dans le d\u00e9lai imparti, Mon ange location se r\u00e9serve le droit d&#8217;annuler la r\u00e9servation.<br \/>3.5. Le solde restant devra \u00eatre r\u00e9gl\u00e9 le jour de la livraison des Equipements.<\/p>\t\t\t\t\t\t\t\t<\/div>\n\t\t\t\t<\/div>\n\t\t\t\t<div class=\"elementor-element elementor-element-3e22de5 elementor-widget elementor-widget-heading\" data-id=\"3e22de5\" data-element_type=\"widget\" data-e-type=\"widget\" data-widget_type=\"heading.default\">\n\t\t\t\t<div class=\"elementor-widget-container\">\n\t\t\t\t\t<h2 class=\"elementor-heading-title elementor-size-default\">4. Tarifs et paiement<\/h2>\t\t\t\t<\/div>\n\t\t\t\t<\/div>\n\t\t\t\t<div class=\"elementor-element elementor-element-7c169ef elementor-widget elementor-widget-text-editor\" data-id=\"7c169ef\" data-element_type=\"widget\" data-e-type=\"widget\" data-widget_type=\"text-editor.default\">\n\t\t\t\t<div class=\"elementor-widget-container\">\n\t\t\t\t\t\t\t\t\t<p>4.1. Les prix de location sont indiqu\u00e9s en euros, toutes taxes comprises (TTC), hors frais de transport et tiennent compte de la TVA applicable au jour de la commande.<br \/>4.2. Le paiement est exigible \u00e0 la livraison des \u00e9quipements.<br \/>4.3. En cas de retard de paiement, des p\u00e9nalit\u00e9s pourront \u00eatre appliqu\u00e9es conform\u00e9ment \u00e0 la l\u00e9gislation en vigueur.<\/p>\t\t\t\t\t\t\t\t<\/div>\n\t\t\t\t<\/div>\n\t\t\t\t<div class=\"elementor-element elementor-element-6d2c264 elementor-widget elementor-widget-heading\" data-id=\"6d2c264\" data-element_type=\"widget\" data-e-type=\"widget\" data-widget_type=\"heading.default\">\n\t\t\t\t<div class=\"elementor-widget-container\">\n\t\t\t\t\t<h2 class=\"elementor-heading-title elementor-size-default\">5. D\u00e9p\u00f4t de garantie<\/h2>\t\t\t\t<\/div>\n\t\t\t\t<\/div>\n\t\t\t\t<div class=\"elementor-element elementor-element-6ddcec8 elementor-widget elementor-widget-text-editor\" data-id=\"6ddcec8\" data-element_type=\"widget\" data-e-type=\"widget\" data-widget_type=\"text-editor.default\">\n\t\t\t\t<div class=\"elementor-widget-container\">\n\t\t\t\t\t\t\t\t\t<p>5.1. Un d\u00e9p\u00f4t de garantie sous forme de ch\u00e8que de caution sera demand\u00e9 au client lors de la prise en charge des \u00c9quipements. La caution s&#8217;\u00e9l\u00e8ve \u00e0 2.50\u20ac par verres, 3.50\u20ac par assiettes et de 2\u20ac pour le set de trois couverts. <br \/>5.2. Le ch\u00e8que de caution ne sera pas encaiss\u00e9, sauf en cas de non-restitution, de d\u00e9gradation ou de perte des \u00c9quipements lou\u00e9s. <br \/>5.3. \u00c0 la restitution des \u00c9quipements en bon \u00e9tat, le ch\u00e8que de caution sera restitu\u00e9 au client. <br \/>5.4. En cas de dommage ou de perte, Mon ange location se r\u00e9serve le droit d&#8217;encaisser tout ou partie du ch\u00e8que de caution pour couvrir les frais de remplacement ou de r\u00e9paration des \u00c9quipements.<\/p>\t\t\t\t\t\t\t\t<\/div>\n\t\t\t\t<\/div>\n\t\t\t\t<div class=\"elementor-element elementor-element-245edd3 elementor-widget elementor-widget-heading\" data-id=\"245edd3\" data-element_type=\"widget\" data-e-type=\"widget\" data-widget_type=\"heading.default\">\n\t\t\t\t<div class=\"elementor-widget-container\">\n\t\t\t\t\t<h2 class=\"elementor-heading-title elementor-size-default\">6. Livraison et retrait<\/h2>\t\t\t\t<\/div>\n\t\t\t\t<\/div>\n\t\t\t\t<div class=\"elementor-element elementor-element-3a39ff0 elementor-widget elementor-widget-text-editor\" data-id=\"3a39ff0\" data-element_type=\"widget\" data-e-type=\"widget\" data-widget_type=\"text-editor.default\">\n\t\t\t\t<div class=\"elementor-widget-container\">\n\t\t\t\t\t\t\t\t\t<p>6.1. Les \u00c9quipements peuvent \u00eatre livr\u00e9s \u00e0 l&#8217;adresse indiqu\u00e9e par le client ou retir\u00e9s directement au si\u00e8ge de Mon ange location.<br \/>6.2. Les frais de livraison sont \u00e0 la charge du client, sauf mention contraire.<br \/>6.3. Les frais de livraisons sont calcul\u00e9s sur une base forfaitaire au d\u00e9part de Upie:<br \/>De 0 \u00e0 15km, les frais sont gratuits; de 15 \u00e0 30km, les frais sont de 30\u20ac; de 30 \u00e0 60km, les frais sont de 60\u20ac; de 60 \u00e0 90km, les frais sont de 90\u20ac. Pour toute livraison \u00e0 plus de 90km d&#8217;Upie, les frais de livraison seront calcul\u00e9s sur devis.<br \/>6.4. Le client est responsable de v\u00e9rifier l&#8217;\u00e9tat des \u00c9quipements lors de la r\u00e9ception. Toute r\u00e9clamation doit \u00eatre formul\u00e9e avant l&#8217;acceptation de la commande le jour de la livraison.<\/p><p>\u00a0<\/p><p>\u00a0<\/p>\t\t\t\t\t\t\t\t<\/div>\n\t\t\t\t<\/div>\n\t\t\t\t<div class=\"elementor-element elementor-element-1ae3a5c elementor-widget elementor-widget-heading\" data-id=\"1ae3a5c\" data-element_type=\"widget\" data-e-type=\"widget\" data-widget_type=\"heading.default\">\n\t\t\t\t<div class=\"elementor-widget-container\">\n\t\t\t\t\t<h2 class=\"elementor-heading-title elementor-size-default\">7. Utilisations des \u00e9quipements<\/h2>\t\t\t\t<\/div>\n\t\t\t\t<\/div>\n\t\t\t\t<div class=\"elementor-element elementor-element-d490e5b elementor-widget elementor-widget-text-editor\" data-id=\"d490e5b\" data-element_type=\"widget\" data-e-type=\"widget\" data-widget_type=\"text-editor.default\">\n\t\t\t\t<div class=\"elementor-widget-container\">\n\t\t\t\t\t\t\t\t\t<p>7.1. Le client s&#8217;engage \u00e0 utiliser les \u00c9quipements conform\u00e9ment \u00e0 leur destination et \u00e0 en prendre soin.<br \/>7.2. Toute d\u00e9t\u00e9rioration, perte ou vol des \u00c9quipements durant la p\u00e9riode de location sera \u00e0 la charge du client, qui devra rembourser la valeur de remplacement des \u00c9quipements endommag\u00e9s ou manquants. Cela sera d\u00e9duit du ch\u00e8que de caution.<\/p>\t\t\t\t\t\t\t\t<\/div>\n\t\t\t\t<\/div>\n\t\t\t\t<div class=\"elementor-element elementor-element-6d78b00 elementor-widget elementor-widget-heading\" data-id=\"6d78b00\" data-element_type=\"widget\" data-e-type=\"widget\" data-widget_type=\"heading.default\">\n\t\t\t\t<div class=\"elementor-widget-container\">\n\t\t\t\t\t<h2 class=\"elementor-heading-title elementor-size-default\">8. Dur\u00e9e de la location<\/h2>\t\t\t\t<\/div>\n\t\t\t\t<\/div>\n\t\t\t\t<div class=\"elementor-element elementor-element-d89293a elementor-widget elementor-widget-text-editor\" data-id=\"d89293a\" data-element_type=\"widget\" data-e-type=\"widget\" data-widget_type=\"text-editor.default\">\n\t\t\t\t<div class=\"elementor-widget-container\">\n\t\t\t\t\t\t\t\t\t<p>8.1. La dur\u00e9e de location est d\u00e9finie dans le devis valid\u00e9 par le client.<br \/>8.2. Toute prolongation de la p\u00e9riode de location devra \u00eatre convenue \u00e0 l&#8217;avance et pourra entra\u00eener des frais suppl\u00e9mentaires<\/p>\t\t\t\t\t\t\t\t<\/div>\n\t\t\t\t<\/div>\n\t\t\t\t<div class=\"elementor-element elementor-element-66b1bef elementor-widget elementor-widget-heading\" data-id=\"66b1bef\" data-element_type=\"widget\" data-e-type=\"widget\" data-widget_type=\"heading.default\">\n\t\t\t\t<div class=\"elementor-widget-container\">\n\t\t\t\t\t<h2 class=\"elementor-heading-title elementor-size-default\">9. Restitution des \u00e9quipements<\/h2>\t\t\t\t<\/div>\n\t\t\t\t<\/div>\n\t\t\t\t<div class=\"elementor-element elementor-element-4e5710e elementor-widget elementor-widget-text-editor\" data-id=\"4e5710e\" data-element_type=\"widget\" data-e-type=\"widget\" data-widget_type=\"text-editor.default\">\n\t\t\t\t<div class=\"elementor-widget-container\">\n\t\t\t\t\t\t\t\t\t<p>9.1. Les \u00c9quipements doivent \u00eatre restitu\u00e9s dans leur \u00e9tat initial \u00e0 la fin de la p\u00e9riode de location.<br \/>9.2. Tout retard dans la restitution des \u00c9quipements pourra entra\u00eener des frais suppl\u00e9mentaires.<br \/>9.3. Mon ange location se r\u00e9serve le droit de facturer des frais si les \u00c9quipements sont rendus endommag\u00e9s.<\/p>\t\t\t\t\t\t\t\t<\/div>\n\t\t\t\t<\/div>\n\t\t\t\t<div class=\"elementor-element elementor-element-8eb0768 elementor-widget elementor-widget-heading\" data-id=\"8eb0768\" data-element_type=\"widget\" data-e-type=\"widget\" data-widget_type=\"heading.default\">\n\t\t\t\t<div class=\"elementor-widget-container\">\n\t\t\t\t\t<h2 class=\"elementor-heading-title elementor-size-default\">10. Responsabilit\u00e9<\/h2>\t\t\t\t<\/div>\n\t\t\t\t<\/div>\n\t\t\t\t<div class=\"elementor-element elementor-element-61d91a6 elementor-widget elementor-widget-text-editor\" data-id=\"61d91a6\" data-element_type=\"widget\" data-e-type=\"widget\" data-widget_type=\"text-editor.default\">\n\t\t\t\t<div class=\"elementor-widget-container\">\n\t\t\t\t\t\t\t\t\t<p>Mon ange toilettage ne pourra \u00eatre tenue responsable des dommages indirects ou immat\u00e9riels r\u00e9sultant de l&#8217;utilisation des \u00c9quipements lou\u00e9s.<\/p>\t\t\t\t\t\t\t\t<\/div>\n\t\t\t\t<\/div>\n\t\t\t\t<div class=\"elementor-element elementor-element-4cdf6d2 elementor-widget elementor-widget-heading\" data-id=\"4cdf6d2\" data-element_type=\"widget\" data-e-type=\"widget\" data-widget_type=\"heading.default\">\n\t\t\t\t<div class=\"elementor-widget-container\">\n\t\t\t\t\t<h2 class=\"elementor-heading-title elementor-size-default\">11. Annulation<\/h2>\t\t\t\t<\/div>\n\t\t\t\t<\/div>\n\t\t\t\t<div class=\"elementor-element elementor-element-1facbad elementor-widget elementor-widget-text-editor\" data-id=\"1facbad\" data-element_type=\"widget\" data-e-type=\"widget\" data-widget_type=\"text-editor.default\">\n\t\t\t\t<div class=\"elementor-widget-container\">\n\t\t\t\t\t\t\t\t\t<p>11.1. Toute annulation de commande doit \u00eatre notifi\u00e9e par \u00e9crit par mail.<br \/>11.2. En cas d&#8217;annulation par le client:<br \/>\u00a0\u00a0\u00a0\u00a0 Si l&#8217;annulation intervient plus de 7 jours avant la date pr\u00e9vue de d\u00e9but de la location, l&#8217;acompte sera rembours\u00e9 en totalit\u00e9.<br \/>\u00a0\u00a0\u00a0\u00a0 Si l&#8217;annulation intervient moins de 7 jours avant la date pr\u00e9vue, l&#8217;acompte sera conserv\u00e9 \u00e0 titre de d\u00e9dommagement.<br \/>11.3. En cas d&#8217;annulation par Mon ange location, l&#8217;accompte sera enti\u00e8rement rembours\u00e9.<\/p>\t\t\t\t\t\t\t\t<\/div>\n\t\t\t\t<\/div>\n\t\t\t\t<div class=\"elementor-element elementor-element-7fb7de7 elementor-widget elementor-widget-heading\" data-id=\"7fb7de7\" data-element_type=\"widget\" data-e-type=\"widget\" data-widget_type=\"heading.default\">\n\t\t\t\t<div class=\"elementor-widget-container\">\n\t\t\t\t\t<h2 class=\"elementor-heading-title elementor-size-default\">12. Droit applicable et litiges<\/h2>\t\t\t\t<\/div>\n\t\t\t\t<\/div>\n\t\t\t\t<div class=\"elementor-element elementor-element-22e27e2 elementor-widget elementor-widget-text-editor\" data-id=\"22e27e2\" data-element_type=\"widget\" data-e-type=\"widget\" data-widget_type=\"text-editor.default\">\n\t\t\t\t<div class=\"elementor-widget-container\">\n\t\t\t\t\t\t\t\t\t<p>Les pr\u00e9sentes CGV sont soumises au droit fran\u00e7ais. En cas de litige, les parties s&#8217;efforceront de trouver une solution amiable. \u00c0 d\u00e9faut, le litige sera port\u00e9 devant les tribunaux comp\u00e9tents.<\/p>\t\t\t\t\t\t\t\t<\/div>\n\t\t\t\t<\/div>\n\t\t\t\t\t<\/div>\n\t\t\t\t<\/div>\n\t\t\t\t<\/div>\n\t\t","protected":false},"excerpt":{"rendered":"<p>Nous contacter Pour louer notre mat\u00e9riel ou si vous avez des questions, n&#8217;h\u00e9sitez pas \u00e0 appeler au 06.74.78.77.00. Vous pouvez aussi nous contacter par mail : contact@monangelocation.fr Nous suivre Condition g\u00e9n\u00e9rales de vente 1. Objet Les pr\u00e9sentes conditions g\u00e9n\u00e9rales de vente (CGV) ont pour objet de d\u00e9finir les modalit\u00e9s et conditions de la location de [&hellip;]<\/p>\n","protected":false},"author":2,"featured_media":0,"parent":0,"menu_order":0,"comment_status":"closed","ping_status":"closed","template":"","meta":{"footnotes":""},"class_list":["post-30","page","type-page","status-publish","hentry"],"jetpack_sharing_enabled":true,"_links":{"self":[{"href":"https:\/\/monangelocation.fr\/index.php\/wp-json\/wp\/v2\/pages\/30","targetHints":{"allow":["GET"]}}],"collection":[{"href":"https:\/\/monangelocation.fr\/index.php\/wp-json\/wp\/v2\/pages"}],"about":[{"href":"https:\/\/monangelocation.fr\/index.php\/wp-json\/wp\/v2\/types\/page"}],"author":[{"embeddable":true,"href":"https:\/\/monangelocation.fr\/index.php\/wp-json\/wp\/v2\/users\/2"}],"replies":[{"embeddable":true,"href":"https:\/\/monangelocation.fr\/index.php\/wp-json\/wp\/v2\/comments?post=30"}],"version-history":[{"count":76,"href":"https:\/\/monangelocation.fr\/index.php\/wp-json\/wp\/v2\/pages\/30\/revisions"}],"predecessor-version":[{"id":634,"href":"https:\/\/monangelocation.fr\/index.php\/wp-json\/wp\/v2\/pages\/30\/revisions\/634"}],"wp:attachment":[{"href":"https:\/\/monangelocation.fr\/index.php\/wp-json\/wp\/v2\/media?parent=30"}],"curies":[{"name":"wp","href":"https:\/\/api.w.org\/{rel}","templated":true}]}}