{"id":29,"date":"2024-07-15T13:51:36","date_gmt":"2024-07-15T11:51:36","guid":{"rendered":"https:\/\/monangelocation.fr\/?page_id=29"},"modified":"2024-12-03T11:22:24","modified_gmt":"2024-12-03T10:22:24","slug":"les-jeux-en-bois","status":"publish","type":"page","link":"https:\/\/monangelocation.fr\/index.php\/les-jeux-en-bois\/","title":{"rendered":"Les jeux en bois"},"content":{"rendered":"\t\t<div data-elementor-type=\"wp-page\" data-elementor-id=\"29\" class=\"elementor elementor-29\">\n\t\t\t\t<div class=\"elementor-element elementor-element-b4c19d4 e-flex e-con-boxed e-con e-parent\" data-id=\"b4c19d4\" data-element_type=\"container\" data-e-type=\"container\">\n\t\t\t\t\t<div class=\"e-con-inner\">\n\t\t\t\t<div class=\"elementor-element elementor-element-fd9ae9d elementor-widget elementor-widget-heading\" data-id=\"fd9ae9d\" data-element_type=\"widget\" data-e-type=\"widget\" data-widget_type=\"heading.default\">\n\t\t\t\t<div class=\"elementor-widget-container\">\n\t\t\t\t\t<h2 class=\"elementor-heading-title elementor-size-default\">Les petits jeux en bois<\/h2>\t\t\t\t<\/div>\n\t\t\t\t<\/div>\n\t\t\t\t\t<\/div>\n\t\t\t\t<\/div>\n\t\t<div class=\"elementor-element elementor-element-852b238 e-flex e-con-boxed e-con e-parent\" data-id=\"852b238\" data-element_type=\"container\" data-e-type=\"container\">\n\t\t\t\t\t<div class=\"e-con-inner\">\n\t\t\t\t<div class=\"elementor-element elementor-element-3972a74 elementor-widget elementor-widget-text-editor\" data-id=\"3972a74\" data-element_type=\"widget\" data-e-type=\"widget\" data-widget_type=\"text-editor.default\">\n\t\t\t\t<div class=\"elementor-widget-container\">\n\t\t\t\t\t\t\t\t\t<p>Location de 5\u20ac pour une soir\u00e9e ou un week-end. Id\u00e9al pour vos \u00e9v\u00e8nements en ext\u00e9rieur comme en int\u00e9rieur, ils raviront petits et grands. Une caution de 20\u20ac par jeu sera demand\u00e9e.<\/p>\t\t\t\t\t\t\t\t<\/div>\n\t\t\t\t<\/div>\n\t\t\t\t\t<\/div>\n\t\t\t\t<\/div>\n\t\t<div class=\"elementor-element elementor-element-99452e2 e-grid e-con-boxed e-con e-parent\" data-id=\"99452e2\" data-element_type=\"container\" data-e-type=\"container\">\n\t\t\t\t\t<div class=\"e-con-inner\">\n\t\t\t\t<div class=\"elementor-element elementor-element-11fb8db elementor-widget elementor-widget-image\" data-id=\"11fb8db\" data-element_type=\"widget\" data-e-type=\"widget\" data-widget_type=\"image.default\">\n\t\t\t\t<div class=\"elementor-widget-container\">\n\t\t\t\t\t\t\t\t\t\t\t\t\t\t\t<img fetchpriority=\"high\" decoding=\"async\" width=\"578\" height=\"1024\" src=\"https:\/\/monangelocation.fr\/wp-content\/uploads\/2024\/12\/IMG20241201160021-578x1024.jpg\" class=\"attachment-large size-large wp-image-608\" alt=\"\" srcset=\"https:\/\/monangelocation.fr\/wp-content\/uploads\/2024\/12\/IMG20241201160021-578x1024.jpg 578w, https:\/\/monangelocation.fr\/wp-content\/uploads\/2024\/12\/IMG20241201160021-169x300.jpg 169w, https:\/\/monangelocation.fr\/wp-content\/uploads\/2024\/12\/IMG20241201160021-768x1362.jpg 768w, https:\/\/monangelocation.fr\/wp-content\/uploads\/2024\/12\/IMG20241201160021-866x1536.jpg 866w, https:\/\/monangelocation.fr\/wp-content\/uploads\/2024\/12\/IMG20241201160021-1155x2048.jpg 1155w, https:\/\/monangelocation.fr\/wp-content\/uploads\/2024\/12\/IMG20241201160021-1320x2340.jpg 1320w, https:\/\/monangelocation.fr\/wp-content\/uploads\/2024\/12\/IMG20241201160021-scaled.jpg 1444w\" sizes=\"(max-width: 578px) 100vw, 578px\" \/>\t\t\t\t\t\t\t\t\t\t\t\t\t\t\t<\/div>\n\t\t\t\t<\/div>\n\t\t\t\t<div class=\"elementor-element elementor-element-9630ea6 elementor-widget elementor-widget-image\" data-id=\"9630ea6\" data-element_type=\"widget\" data-e-type=\"widget\" data-widget_type=\"image.default\">\n\t\t\t\t<div class=\"elementor-widget-container\">\n\t\t\t\t\t\t\t\t\t\t\t\t\t\t\t<img decoding=\"async\" width=\"578\" height=\"1024\" src=\"https:\/\/monangelocation.fr\/wp-content\/uploads\/2024\/12\/IMG20241201160538-578x1024.jpg\" class=\"attachment-large size-large wp-image-607\" alt=\"\" srcset=\"https:\/\/monangelocation.fr\/wp-content\/uploads\/2024\/12\/IMG20241201160538-578x1024.jpg 578w, https:\/\/monangelocation.fr\/wp-content\/uploads\/2024\/12\/IMG20241201160538-169x300.jpg 169w, https:\/\/monangelocation.fr\/wp-content\/uploads\/2024\/12\/IMG20241201160538-768x1362.jpg 768w, https:\/\/monangelocation.fr\/wp-content\/uploads\/2024\/12\/IMG20241201160538-866x1536.jpg 866w, https:\/\/monangelocation.fr\/wp-content\/uploads\/2024\/12\/IMG20241201160538-1155x2048.jpg 1155w, https:\/\/monangelocation.fr\/wp-content\/uploads\/2024\/12\/IMG20241201160538-1320x2340.jpg 1320w, https:\/\/monangelocation.fr\/wp-content\/uploads\/2024\/12\/IMG20241201160538-scaled.jpg 1444w\" sizes=\"(max-width: 578px) 100vw, 578px\" \/>\t\t\t\t\t\t\t\t\t\t\t\t\t\t\t<\/div>\n\t\t\t\t<\/div>\n\t\t\t\t<div class=\"elementor-element elementor-element-36cc6af elementor-widget elementor-widget-image\" data-id=\"36cc6af\" data-element_type=\"widget\" data-e-type=\"widget\" data-widget_type=\"image.default\">\n\t\t\t\t<div class=\"elementor-widget-container\">\n\t\t\t\t\t\t\t\t\t\t\t\t\t\t\t<img decoding=\"async\" width=\"578\" height=\"1024\" src=\"https:\/\/monangelocation.fr\/wp-content\/uploads\/2024\/12\/IMG20241201155524-578x1024.jpg\" class=\"attachment-large size-large wp-image-604\" alt=\"\" srcset=\"https:\/\/monangelocation.fr\/wp-content\/uploads\/2024\/12\/IMG20241201155524-578x1024.jpg 578w, https:\/\/monangelocation.fr\/wp-content\/uploads\/2024\/12\/IMG20241201155524-169x300.jpg 169w, https:\/\/monangelocation.fr\/wp-content\/uploads\/2024\/12\/IMG20241201155524-768x1362.jpg 768w, https:\/\/monangelocation.fr\/wp-content\/uploads\/2024\/12\/IMG20241201155524-866x1536.jpg 866w, https:\/\/monangelocation.fr\/wp-content\/uploads\/2024\/12\/IMG20241201155524-1155x2048.jpg 1155w, https:\/\/monangelocation.fr\/wp-content\/uploads\/2024\/12\/IMG20241201155524-1320x2340.jpg 1320w, https:\/\/monangelocation.fr\/wp-content\/uploads\/2024\/12\/IMG20241201155524-scaled.jpg 1444w\" sizes=\"(max-width: 578px) 100vw, 578px\" \/>\t\t\t\t\t\t\t\t\t\t\t\t\t\t\t<\/div>\n\t\t\t\t<\/div>\n\t\t\t\t<div class=\"elementor-element elementor-element-3f573c6 elementor-widget elementor-widget-text-editor\" data-id=\"3f573c6\" data-element_type=\"widget\" data-e-type=\"widget\" data-widget_type=\"text-editor.default\">\n\t\t\t\t<div class=\"elementor-widget-container\">\n\t\t\t\t\t\t\t\t\t<p>Mikado (70 cm de long)<\/p><p>Obtenez le plus de points en ramassant des baguettes sans bouger les autres.<\/p>\t\t\t\t\t\t\t\t<\/div>\n\t\t\t\t<\/div>\n\t\t\t\t<div class=\"elementor-element elementor-element-3f1d200 elementor-widget elementor-widget-text-editor\" data-id=\"3f1d200\" data-element_type=\"widget\" data-e-type=\"widget\" data-widget_type=\"text-editor.default\">\n\t\t\t\t<div class=\"elementor-widget-container\">\n\t\t\t\t\t\t\t\t\t<p>Jenga<\/p><p>Retirez les blocs un par un et les replacer sur le sommet de la tour, sans la faire tomber.<\/p>\t\t\t\t\t\t\t\t<\/div>\n\t\t\t\t<\/div>\n\t\t\t\t<div class=\"elementor-element elementor-element-199847c elementor-widget elementor-widget-text-editor\" data-id=\"199847c\" data-element_type=\"widget\" data-e-type=\"widget\" data-widget_type=\"text-editor.default\">\n\t\t\t\t<div class=\"elementor-widget-container\">\n\t\t\t\t\t\t\t\t\t<p>Jeux des anneaux<\/p><p>Lancez des anneaux pour qu\u2019ils s\u2019enroulent autour des piquets afin de marquer des points.<\/p>\t\t\t\t\t\t\t\t<\/div>\n\t\t\t\t<\/div>\n\t\t\t\t\t<\/div>\n\t\t\t\t<\/div>\n\t\t<div class=\"elementor-element elementor-element-23265ad e-grid e-con-boxed e-con e-parent\" data-id=\"23265ad\" data-element_type=\"container\" data-e-type=\"container\">\n\t\t\t\t\t<div class=\"e-con-inner\">\n\t\t\t\t<div class=\"elementor-element elementor-element-cb55e96 elementor-widget elementor-widget-image\" data-id=\"cb55e96\" data-element_type=\"widget\" data-e-type=\"widget\" data-widget_type=\"image.default\">\n\t\t\t\t<div class=\"elementor-widget-container\">\n\t\t\t\t\t\t\t\t\t\t\t\t\t\t\t<img loading=\"lazy\" decoding=\"async\" width=\"578\" height=\"1024\" src=\"https:\/\/monangelocation.fr\/wp-content\/uploads\/2024\/12\/IMG20241201153317-1-scaled-e1733220965298-578x1024.jpg\" class=\"attachment-large size-large wp-image-615\" alt=\"\" srcset=\"https:\/\/monangelocation.fr\/wp-content\/uploads\/2024\/12\/IMG20241201153317-1-scaled-e1733220965298-578x1024.jpg 578w, https:\/\/monangelocation.fr\/wp-content\/uploads\/2024\/12\/IMG20241201153317-1-scaled-e1733220965298-169x300.jpg 169w, https:\/\/monangelocation.fr\/wp-content\/uploads\/2024\/12\/IMG20241201153317-1-scaled-e1733220965298-768x1362.jpg 768w, https:\/\/monangelocation.fr\/wp-content\/uploads\/2024\/12\/IMG20241201153317-1-scaled-e1733220965298-866x1536.jpg 866w, https:\/\/monangelocation.fr\/wp-content\/uploads\/2024\/12\/IMG20241201153317-1-scaled-e1733220965298-1155x2048.jpg 1155w, https:\/\/monangelocation.fr\/wp-content\/uploads\/2024\/12\/IMG20241201153317-1-scaled-e1733220965298-1320x2340.jpg 1320w, https:\/\/monangelocation.fr\/wp-content\/uploads\/2024\/12\/IMG20241201153317-1-scaled-e1733220965298.jpg 1444w\" sizes=\"(max-width: 578px) 100vw, 578px\" \/>\t\t\t\t\t\t\t\t\t\t\t\t\t\t\t<\/div>\n\t\t\t\t<\/div>\n\t\t\t\t<div class=\"elementor-element elementor-element-cf46a69 elementor-widget elementor-widget-image\" data-id=\"cf46a69\" data-element_type=\"widget\" data-e-type=\"widget\" data-widget_type=\"image.default\">\n\t\t\t\t<div class=\"elementor-widget-container\">\n\t\t\t\t\t\t\t\t\t\t\t\t\t\t\t<img loading=\"lazy\" decoding=\"async\" width=\"578\" height=\"1024\" src=\"https:\/\/monangelocation.fr\/wp-content\/uploads\/2024\/12\/IMG20241201155849-578x1024.jpg\" class=\"attachment-large size-large wp-image-617\" alt=\"\" srcset=\"https:\/\/monangelocation.fr\/wp-content\/uploads\/2024\/12\/IMG20241201155849-578x1024.jpg 578w, https:\/\/monangelocation.fr\/wp-content\/uploads\/2024\/12\/IMG20241201155849-169x300.jpg 169w, https:\/\/monangelocation.fr\/wp-content\/uploads\/2024\/12\/IMG20241201155849-768x1362.jpg 768w, https:\/\/monangelocation.fr\/wp-content\/uploads\/2024\/12\/IMG20241201155849-866x1536.jpg 866w, https:\/\/monangelocation.fr\/wp-content\/uploads\/2024\/12\/IMG20241201155849-1155x2048.jpg 1155w, https:\/\/monangelocation.fr\/wp-content\/uploads\/2024\/12\/IMG20241201155849-1320x2340.jpg 1320w, https:\/\/monangelocation.fr\/wp-content\/uploads\/2024\/12\/IMG20241201155849-scaled.jpg 1444w\" sizes=\"(max-width: 578px) 100vw, 578px\" \/>\t\t\t\t\t\t\t\t\t\t\t\t\t\t\t<\/div>\n\t\t\t\t<\/div>\n\t\t\t\t<div class=\"elementor-element elementor-element-b455c9e elementor-widget elementor-widget-image\" data-id=\"b455c9e\" data-element_type=\"widget\" data-e-type=\"widget\" data-widget_type=\"image.default\">\n\t\t\t\t<div class=\"elementor-widget-container\">\n\t\t\t\t\t\t\t\t\t\t\t\t\t\t\t<img loading=\"lazy\" decoding=\"async\" width=\"578\" height=\"1024\" src=\"https:\/\/monangelocation.fr\/wp-content\/uploads\/2024\/12\/IMG20241201152210-578x1024.jpg\" class=\"attachment-large size-large wp-image-616\" alt=\"\" srcset=\"https:\/\/monangelocation.fr\/wp-content\/uploads\/2024\/12\/IMG20241201152210-578x1024.jpg 578w, https:\/\/monangelocation.fr\/wp-content\/uploads\/2024\/12\/IMG20241201152210-169x300.jpg 169w, https:\/\/monangelocation.fr\/wp-content\/uploads\/2024\/12\/IMG20241201152210-768x1362.jpg 768w, https:\/\/monangelocation.fr\/wp-content\/uploads\/2024\/12\/IMG20241201152210-866x1536.jpg 866w, https:\/\/monangelocation.fr\/wp-content\/uploads\/2024\/12\/IMG20241201152210-1155x2048.jpg 1155w, https:\/\/monangelocation.fr\/wp-content\/uploads\/2024\/12\/IMG20241201152210-1320x2340.jpg 1320w, https:\/\/monangelocation.fr\/wp-content\/uploads\/2024\/12\/IMG20241201152210-scaled.jpg 1444w\" sizes=\"(max-width: 578px) 100vw, 578px\" \/>\t\t\t\t\t\t\t\t\t\t\t\t\t\t\t<\/div>\n\t\t\t\t<\/div>\n\t\t\t\t<div class=\"elementor-element elementor-element-6ab19e0 elementor-widget elementor-widget-text-editor\" data-id=\"6ab19e0\" data-element_type=\"widget\" data-e-type=\"widget\" data-widget_type=\"text-editor.default\">\n\t\t\t\t<div class=\"elementor-widget-container\">\n\t\t\t\t\t\t\t\t\t<p>Awal\u00e9<\/p><p>R\u00e9coltez le plus de graines possible en capturant celles de son adversaire.<\/p>\t\t\t\t\t\t\t\t<\/div>\n\t\t\t\t<\/div>\n\t\t\t\t<div class=\"elementor-element elementor-element-932db2c elementor-widget elementor-widget-text-editor\" data-id=\"932db2c\" data-element_type=\"widget\" data-e-type=\"widget\" data-widget_type=\"text-editor.default\">\n\t\t\t\t<div class=\"elementor-widget-container\">\n\t\t\t\t\t\t\t\t\t<p>Jeu de quilles<\/p><p>Faites tomber le plus de quilles possible en lan\u00e7ant deux boules.<\/p>\t\t\t\t\t\t\t\t<\/div>\n\t\t\t\t<\/div>\n\t\t\t\t<div class=\"elementor-element elementor-element-2d233c6 elementor-widget elementor-widget-text-editor\" data-id=\"2d233c6\" data-element_type=\"widget\" data-e-type=\"widget\" data-widget_type=\"text-editor.default\">\n\t\t\t\t<div class=\"elementor-widget-container\">\n\t\t\t\t\t\t\t\t\t<p>Le passe-trappe<\/p><p>Soyez le premier \u00e0 vider votre camp en envoyant tous vos palets dans le camp adverse.<\/p>\t\t\t\t\t\t\t\t<\/div>\n\t\t\t\t<\/div>\n\t\t\t\t\t<\/div>\n\t\t\t\t<\/div>\n\t\t\t\t<\/div>\n\t\t","protected":false},"excerpt":{"rendered":"<p>Les petits jeux en bois Location de 5\u20ac pour une soir\u00e9e ou un week-end. Id\u00e9al pour vos \u00e9v\u00e8nements en ext\u00e9rieur comme en int\u00e9rieur, ils raviront petits et grands. Une caution de 20\u20ac par jeu sera demand\u00e9e. Mikado (70 cm de long) Obtenez le plus de points en ramassant des baguettes sans bouger les autres. Jenga [&hellip;]<\/p>\n","protected":false},"author":2,"featured_media":0,"parent":0,"menu_order":0,"comment_status":"closed","ping_status":"closed","template":"","meta":{"footnotes":""},"class_list":["post-29","page","type-page","status-publish","hentry"],"jetpack_sharing_enabled":true,"_links":{"self":[{"href":"https:\/\/monangelocation.fr\/index.php\/wp-json\/wp\/v2\/pages\/29","targetHints":{"allow":["GET"]}}],"collection":[{"href":"https:\/\/monangelocation.fr\/index.php\/wp-json\/wp\/v2\/pages"}],"about":[{"href":"https:\/\/monangelocation.fr\/index.php\/wp-json\/wp\/v2\/types\/page"}],"author":[{"embeddable":true,"href":"https:\/\/monangelocation.fr\/index.php\/wp-json\/wp\/v2\/users\/2"}],"replies":[{"embeddable":true,"href":"https:\/\/monangelocation.fr\/index.php\/wp-json\/wp\/v2\/comments?post=29"}],"version-history":[{"count":16,"href":"https:\/\/monangelocation.fr\/index.php\/wp-json\/wp\/v2\/pages\/29\/revisions"}],"predecessor-version":[{"id":621,"href":"https:\/\/monangelocation.fr\/index.php\/wp-json\/wp\/v2\/pages\/29\/revisions\/621"}],"wp:attachment":[{"href":"https:\/\/monangelocation.fr\/index.php\/wp-json\/wp\/v2\/media?parent=29"}],"curies":[{"name":"wp","href":"https:\/\/api.w.org\/{rel}","templated":true}]}}